{"id":14043,"date":"2022-08-13T09:40:34","date_gmt":"2022-08-13T12:40:34","guid":{"rendered":"https:\/\/test.linceseguridad.com.ar\/?page_id=14043"},"modified":"2026-03-16T09:09:12","modified_gmt":"2026-03-16T12:09:12","slug":"clientes-lince-seguridad","status":"publish","type":"page","link":"https:\/\/www.linceseguridad.com.ar\/?page_id=14043","title":{"rendered":"Clientes"},"content":{"rendered":"","protected":false},"excerpt":{"rendered":"","protected":false},"author":1,"featured_media":0,"parent":0,"menu_order":0,"comment_status":"closed","ping_status":"closed","template":"","meta":{"footnotes":""},"class_list":["post-14043","page","type-page","status-publish","hentry"],"yoast_head":"<!-- This site is optimized with the Yoast SEO plugin v27.1.1 - https:\/\/yoast.com\/product\/yoast-seo-wordpress\/ -->\n<title>Clientes - Cooperativa de Trabajo Lince Seguridad LTDA.<\/title>\n<meta name=\"description\" content=\"Empresa de seguridad privada para personas, bienes y custodia de mercader\u00eda en tr\u00e1nsito. Ofrecemos soluciones de protecci\u00f3n adaptadas a sus necesidades, enfocados en la prevenci\u00f3n para dise\u00f1ar la mejor estrategia en seguridad.\" \/>\n<meta name=\"robots\" content=\"index, follow, max-snippet:-1, max-image-preview:large, max-video-preview:-1\" \/>\n<link rel=\"canonical\" href=\"https:\/\/www.linceseguridad.com.ar\/?page_id=14043\" \/>\n<meta property=\"og:locale\" content=\"es_ES\" \/>\n<meta property=\"og:type\" content=\"article\" \/>\n<meta property=\"og:title\" content=\"Clientes - Cooperativa de Trabajo Lince Seguridad LTDA.\" \/>\n<meta property=\"og:description\" content=\"Empresa de seguridad privada para personas, bienes y custodia de mercader\u00eda en tr\u00e1nsito. Ofrecemos soluciones de protecci\u00f3n adaptadas a sus necesidades, enfocados en la prevenci\u00f3n para dise\u00f1ar la mejor estrategia en seguridad.\" \/>\n<meta property=\"og:url\" content=\"https:\/\/www.linceseguridad.com.ar\/?page_id=14043\" \/>\n<meta property=\"og:site_name\" content=\"Cooperativa de Trabajo Lince Seguridad LTDA.\" \/>\n<meta property=\"article:modified_time\" content=\"2026-03-16T12:09:12+00:00\" \/>\n<meta name=\"twitter:card\" content=\"summary_large_image\" \/>\n<meta name=\"twitter:label1\" content=\"Tiempo de lectura\" \/>\n\t<meta name=\"twitter:data1\" content=\"5 minutos\" \/>\n<script type=\"application\/ld+json\" class=\"yoast-schema-graph\">{\"@context\":\"https:\/\/schema.org\",\"@graph\":[{\"@type\":\"WebPage\",\"@id\":\"https:\/\/www.linceseguridad.com.ar\/?page_id=14043\",\"url\":\"https:\/\/www.linceseguridad.com.ar\/?page_id=14043\",\"name\":\"Clientes - Cooperativa de Trabajo Lince Seguridad LTDA.\",\"isPartOf\":{\"@id\":\"https:\/\/www.linceseguridad.com.ar\/#website\"},\"datePublished\":\"2022-08-13T12:40:34+00:00\",\"dateModified\":\"2026-03-16T12:09:12+00:00\",\"description\":\"Empresa de seguridad privada para personas, bienes y custodia de mercader\u00eda en tr\u00e1nsito. Ofrecemos soluciones de protecci\u00f3n adaptadas a sus necesidades, enfocados en la prevenci\u00f3n para dise\u00f1ar la mejor estrategia en seguridad.\",\"breadcrumb\":{\"@id\":\"https:\/\/www.linceseguridad.com.ar\/?page_id=14043#breadcrumb\"},\"inLanguage\":\"es-AR\",\"potentialAction\":[{\"@type\":\"ReadAction\",\"target\":[\"https:\/\/www.linceseguridad.com.ar\/?page_id=14043\"]}]},{\"@type\":\"BreadcrumbList\",\"@id\":\"https:\/\/www.linceseguridad.com.ar\/?page_id=14043#breadcrumb\",\"itemListElement\":[{\"@type\":\"ListItem\",\"position\":1,\"name\":\"Inicio\",\"item\":\"https:\/\/www.linceseguridad.com.ar\/\"},{\"@type\":\"ListItem\",\"position\":2,\"name\":\"Clientes\"}]},{\"@type\":\"WebSite\",\"@id\":\"https:\/\/www.linceseguridad.com.ar\/#website\",\"url\":\"https:\/\/www.linceseguridad.com.ar\/\",\"name\":\"Cooperativa de Trabajo Lince Seguridad LTDA.\",\"description\":\"Servicios de seguridad privada y custodia de bienes en tr\u00e1nsito\",\"potentialAction\":[{\"@type\":\"SearchAction\",\"target\":{\"@type\":\"EntryPoint\",\"urlTemplate\":\"https:\/\/www.linceseguridad.com.ar\/?s={search_term_string}\"},\"query-input\":{\"@type\":\"PropertyValueSpecification\",\"valueRequired\":true,\"valueName\":\"search_term_string\"}}],\"inLanguage\":\"es-AR\"}]}<\/script>\n<!-- \/ Yoast SEO plugin. -->","yoast_head_json":{"title":"Clientes - Cooperativa de Trabajo Lince Seguridad LTDA.","description":"Empresa de seguridad privada para personas, bienes y custodia de mercader\u00eda en tr\u00e1nsito. Ofrecemos soluciones de protecci\u00f3n adaptadas a sus necesidades, enfocados en la prevenci\u00f3n para dise\u00f1ar la mejor estrategia en seguridad.","robots":{"index":"index","follow":"follow","max-snippet":"max-snippet:-1","max-image-preview":"max-image-preview:large","max-video-preview":"max-video-preview:-1"},"canonical":"https:\/\/www.linceseguridad.com.ar\/?page_id=14043","og_locale":"es_ES","og_type":"article","og_title":"Clientes - Cooperativa de Trabajo Lince Seguridad LTDA.","og_description":"Empresa de seguridad privada para personas, bienes y custodia de mercader\u00eda en tr\u00e1nsito. Ofrecemos soluciones de protecci\u00f3n adaptadas a sus necesidades, enfocados en la prevenci\u00f3n para dise\u00f1ar la mejor estrategia en seguridad.","og_url":"https:\/\/www.linceseguridad.com.ar\/?page_id=14043","og_site_name":"Cooperativa de Trabajo Lince Seguridad LTDA.","article_modified_time":"2026-03-16T12:09:12+00:00","twitter_card":"summary_large_image","twitter_misc":{"Tiempo de lectura":"5 minutos"},"schema":{"@context":"https:\/\/schema.org","@graph":[{"@type":"WebPage","@id":"https:\/\/www.linceseguridad.com.ar\/?page_id=14043","url":"https:\/\/www.linceseguridad.com.ar\/?page_id=14043","name":"Clientes - Cooperativa de Trabajo Lince Seguridad LTDA.","isPartOf":{"@id":"https:\/\/www.linceseguridad.com.ar\/#website"},"datePublished":"2022-08-13T12:40:34+00:00","dateModified":"2026-03-16T12:09:12+00:00","description":"Empresa de seguridad privada para personas, bienes y custodia de mercader\u00eda en tr\u00e1nsito. Ofrecemos soluciones de protecci\u00f3n adaptadas a sus necesidades, enfocados en la prevenci\u00f3n para dise\u00f1ar la mejor estrategia en seguridad.","breadcrumb":{"@id":"https:\/\/www.linceseguridad.com.ar\/?page_id=14043#breadcrumb"},"inLanguage":"es-AR","potentialAction":[{"@type":"ReadAction","target":["https:\/\/www.linceseguridad.com.ar\/?page_id=14043"]}]},{"@type":"BreadcrumbList","@id":"https:\/\/www.linceseguridad.com.ar\/?page_id=14043#breadcrumb","itemListElement":[{"@type":"ListItem","position":1,"name":"Inicio","item":"https:\/\/www.linceseguridad.com.ar\/"},{"@type":"ListItem","position":2,"name":"Clientes"}]},{"@type":"WebSite","@id":"https:\/\/www.linceseguridad.com.ar\/#website","url":"https:\/\/www.linceseguridad.com.ar\/","name":"Cooperativa de Trabajo Lince Seguridad LTDA.","description":"Servicios de seguridad privada y custodia de bienes en tr\u00e1nsito","potentialAction":[{"@type":"SearchAction","target":{"@type":"EntryPoint","urlTemplate":"https:\/\/www.linceseguridad.com.ar\/?s={search_term_string}"},"query-input":{"@type":"PropertyValueSpecification","valueRequired":true,"valueName":"search_term_string"}}],"inLanguage":"es-AR"}]}},"_links":{"self":[{"href":"https:\/\/www.linceseguridad.com.ar\/index.php?rest_route=\/wp\/v2\/pages\/14043","targetHints":{"allow":["GET"]}}],"collection":[{"href":"https:\/\/www.linceseguridad.com.ar\/index.php?rest_route=\/wp\/v2\/pages"}],"about":[{"href":"https:\/\/www.linceseguridad.com.ar\/index.php?rest_route=\/wp\/v2\/types\/page"}],"author":[{"embeddable":true,"href":"https:\/\/www.linceseguridad.com.ar\/index.php?rest_route=\/wp\/v2\/users\/1"}],"replies":[{"embeddable":true,"href":"https:\/\/www.linceseguridad.com.ar\/index.php?rest_route=%2Fwp%2Fv2%2Fcomments&post=14043"}],"version-history":[{"count":5,"href":"https:\/\/www.linceseguridad.com.ar\/index.php?rest_route=\/wp\/v2\/pages\/14043\/revisions"}],"predecessor-version":[{"id":15465,"href":"https:\/\/www.linceseguridad.com.ar\/index.php?rest_route=\/wp\/v2\/pages\/14043\/revisions\/15465"}],"wp:attachment":[{"href":"https:\/\/www.linceseguridad.com.ar\/index.php?rest_route=%2Fwp%2Fv2%2Fmedia&parent=14043"}],"curies":[{"name":"wp","href":"https:\/\/api.w.org\/{rel}","templated":true}]}}